{"id":43,"date":"2017-10-11T15:50:46","date_gmt":"2017-10-11T06:50:46","guid":{"rendered":"https:\/\/cs.kyushu-u.ac.jp\/cfi2017\/?page_id=43"},"modified":"2020-12-04T16:27:44","modified_gmt":"2020-12-04T07:27:44","slug":"committee","status":"publish","type":"page","link":"https:\/\/cs.kyushu-u.ac.jp\/cfi2017\/committee\/","title":{"rendered":"Committee"},"content":{"rendered":"\n<p><\/p>\n\n\n\n<div class=\"vk_borderBox vk_borderBox-color-blue vk_borderBox-background-transparent wp-block-vk-blocks-border-box is-style-vk_borderBox-style-solid-round-tit-tab\"><div class=\"vk_borderBox_title_container\"><i class=\"\"><\/i><h4 class=\"vk_borderBox_title\"><strong>General co-Chairs<\/strong><\/h4><\/div><div class=\"vk_borderBox_body\">\n<ul><li>Koji OKAMURA (Kyushu Univ., Japan)<\/li><li>Taekyoung (Ted) Kwon (Seoul National Univ., Korea)<\/li><\/ul>\n<\/div><\/div>\n\n\n\n<div class=\"vk_borderBox vk_borderBox-color-blue vk_borderBox-background-transparent wp-block-vk-blocks-border-box is-style-vk_borderBox-style-solid-round-tit-tab\"><div class=\"vk_borderBox_title_container\"><i class=\"\"><\/i><h4 class=\"vk_borderBox_title\"><strong>Technical Program Committee co-Chairs<\/strong><\/h4><\/div><div class=\"vk_borderBox_body\">\n<ul><li>Keisuke Uehara (Keio Univ., Japan)<\/li><li>Sangheon Pack (Korea Univ., Korea)<\/li><\/ul>\n<\/div><\/div>\n\n\n\n<div class=\"vk_borderBox vk_borderBox-color-blue vk_borderBox-background-transparent wp-block-vk-blocks-border-box is-style-vk_borderBox-style-solid-round-tit-tab\"><div class=\"vk_borderBox_title_container\"><i class=\"\"><\/i><h4 class=\"vk_borderBox_title\"><strong>Publication Chair<\/strong><\/h4><\/div><div class=\"vk_borderBox_body\">\n<ul><li>Keiichi SHIMA (IIJ, Japan)<\/li><\/ul>\n<\/div><\/div>\n\n\n\n<div class=\"vk_borderBox vk_borderBox-color-blue vk_borderBox-background-transparent wp-block-vk-blocks-border-box is-style-vk_borderBox-style-solid-round-tit-tab\"><div class=\"vk_borderBox_title_container\"><i class=\"\"><\/i><h4 class=\"vk_borderBox_title\"><strong>Local Arrangement Chair<\/strong><\/h4><\/div><div class=\"vk_borderBox_body\">\n<ul><li>Kosuke Kaneko (Kyushu Univ., Japan)<\/li><\/ul>\n<\/div><\/div>\n\n\n\n<div class=\"vk_borderBox vk_borderBox-color-blue vk_borderBox-background-transparent wp-block-vk-blocks-border-box is-style-vk_borderBox-style-solid-round-tit-tab\"><div class=\"vk_borderBox_title_container\"><i class=\"\"><\/i><h4 class=\"vk_borderBox_title\"><strong>Program\u00a0Committee<\/strong><\/h4><\/div><div class=\"vk_borderBox_body\">\n<ul><li>Karl Andersson (Lule\u00e5 University of Technology)<\/li><li>Guang Cheng (Southeast University)<\/li><li>Reza Farahbakhsh (Institut Mines-T\u00e9l\u00e9com, T\u00e9l\u00e9com SudParis)<\/li><li>Romain Fontugne (Internet Initiative Japan)<\/li><li>Shang Gao (Deakin University)<\/li><li>Toru Hasegawa (Osaka University)<\/li><li>Jongwon Kim (Gwangju Institute of Science and Technology)<\/li><li>Minseok Kwon (Rochester Institute of Technology)<\/li><li>Ruidong Li (National Institute of Information and Communications Technology (NICT), Japan)<\/li><li>Debbie Perouli (Marquette University)<\/li><li>Zhuzhong Qian (Department of Computer Science and Technology Nanjing University)<\/li><li>Stefano Secci (LIP6 UPMC)<\/li><li>Yuji Sekiya (The University of Tokyo)<\/li><li>Charles Shen (Columbia University)<\/li><li>Yuzo Taenaka (The University of Tokyo)<\/li><li>Atsushi Tagami (KDDI R&amp;D Laboratories Inc.)<\/li><li>Hajime Tazaki (IIJ Innovation Institute)<\/li><li>Xin Wang (Fudan University)<\/li><li>Yung Yi (KAIST, EE)<\/li><li>Beichuan Zhang (University of Arizona)<\/li><li>Hirochika Asai<\/li><li>Rodney Van Meter (Keio University)<\/li><li>Vasaka Visoottiviseth (Mahidol University)<\/li><li>Youngjoon Won (Hanyang University)<\/li><li>Antony Franklin (IIT Hyderabad)<\/li><li>Bingyang Liu (Tsinghua Univ., China)<\/li><li>Xiaohong Huang (Beijing University of Posts and Telecommunications)<\/li><li>Kei Hiroi (Nagoya University)<\/li><li>Achmad Basuki (Brawijaya University)<\/li><li>Tomohiro Ishihara (The University of Tokyo)<\/li><li>Kotaro Kataoka (Indian Institute of Technology Hyderabad)<\/li><li>Sukumal Kitisin(Kasetsart University)<\/li><\/ul>\n<\/div><\/div>\n","protected":false},"excerpt":{"rendered":"","protected":false},"author":5,"featured_media":0,"parent":0,"menu_order":0,"comment_status":"closed","ping_status":"closed","template":"","meta":{"_locale":"","_original_post":""},"_links":{"self":[{"href":"https:\/\/cs.kyushu-u.ac.jp\/cfi2017\/wp-json\/wp\/v2\/pages\/43"}],"collection":[{"href":"https:\/\/cs.kyushu-u.ac.jp\/cfi2017\/wp-json\/wp\/v2\/pages"}],"about":[{"href":"https:\/\/cs.kyushu-u.ac.jp\/cfi2017\/wp-json\/wp\/v2\/types\/page"}],"author":[{"embeddable":true,"href":"https:\/\/cs.kyushu-u.ac.jp\/cfi2017\/wp-json\/wp\/v2\/users\/5"}],"replies":[{"embeddable":true,"href":"https:\/\/cs.kyushu-u.ac.jp\/cfi2017\/wp-json\/wp\/v2\/comments?post=43"}],"version-history":[{"count":3,"href":"https:\/\/cs.kyushu-u.ac.jp\/cfi2017\/wp-json\/wp\/v2\/pages\/43\/revisions"}],"predecessor-version":[{"id":182,"href":"https:\/\/cs.kyushu-u.ac.jp\/cfi2017\/wp-json\/wp\/v2\/pages\/43\/revisions\/182"}],"wp:attachment":[{"href":"https:\/\/cs.kyushu-u.ac.jp\/cfi2017\/wp-json\/wp\/v2\/media?parent=43"}],"curies":[{"name":"wp","href":"https:\/\/api.w.org\/{rel}","templated":true}]}}